{"id":61,"date":"2022-09-07T14:04:43","date_gmt":"2022-09-07T14:04:43","guid":{"rendered":"https:\/\/joymo.de\/?page_id=61"},"modified":"2023-04-19T10:41:29","modified_gmt":"2023-04-19T10:41:29","slug":"datenschutzerklaerung-gewinnspiel","status":"publish","type":"page","link":"https:\/\/joymo.de\/?page_id=61","title":{"rendered":"Datenschutzerkl\u00e4rung Gewinnspiel"},"content":{"rendered":"\n<h3 class=\"wp-block-heading\">I. Verantwortlicher<\/h3>\n\n\n\n<p>OVM Office Voice Media GmbH<br><br>Kundenbetreuung<br>Grunerstr. 72<br>40239 D\u00fcsseldorf<\/p>\n\n\n\n<p>Datenschutz@joymo.de<br>ist f\u00fcr die Verarbeitung Ihrer nachfolgend genannten personenbezogenen Daten verantwortlich (nachfolgend auch <strong>\u201ewir\u201c<\/strong> oder <strong>\u201euns\u201c<\/strong>).<\/p>\n\n\n\n<p>Unseren Datenschutzbeauftragten erreichen Sie unter datenschutzbeauftrager@joymo.de oder unserer Postadresse mit dem Zusatz \u201eDatenschutzbeauftragter\u201c.<\/p>\n\n\n\n<h3 class=\"wp-block-heading\">II. Verarbeitung personenbezogener Daten (Allgemeines)<\/h3>\n\n\n\n<p><strong>1. Allgemein<\/strong><br>Wenn Sie an Gewinnspielen teilnehmen, erhalten wir personenbezogenen Daten von Ihnen. Personenbezogene Daten (\u201eDaten\u201c) sind alle Informationen, die sich auf eine identifizierte oder identifizierbare Person beziehen. Hierbei kann es sich u.a. um Ihren Namen, Adresse, Alter und Ihre Telefonnummer handeln.<\/p>\n\n\n\n<p><strong>2. Ihre Rechte<\/strong><br>Sie haben jederzeit das Recht auf Auskunft \u00fcber die zu Ihrer Person gespeicherten Daten. Sollten Daten \u00fcber Ihre Person falsch oder nicht mehr aktuell sein, haben Sie das Recht, deren Berichtigung zu verlangen. Unter bestimmten Voraussetzungen haben Sie au\u00dferdem das Recht, die L\u00f6schung oder Einschr\u00e4nkung der Verarbeitung Ihrer Angaben zu verlangen.<br>Sofern Sie uns eine Einwilligung in die Verarbeitung Ihrer Daten erteilt haben, k\u00f6nnen Sie diese jederzeit mit Wirkung f\u00fcr die Zukunft widerrufen.<br>Sie haben das Recht, aus Gr\u00fcnden, die sich aus Ihrer besonderen Situation ergeben, jederzeit einer Datenverarbeitung, die auf berechtigten Interessen beruht, mit k\u00fcnftiger Wirkung zu widersprechen.<br>Schlie\u00dflich haben Sie auch das Recht, eine elektronische Kopie Ihrer Daten heraus zu verlangen oder die Daten an einen anderen Anbieter weiterleiten zu lassen. Sie haben auch das Recht, sich an eine Datenschutzbeh\u00f6rde zu wenden und dort Beschwerde einzureichen.<br>Diese Rechte k\u00f6nnen Sie beim Verantwortlichen geltend machen.<br><br><strong>3. Zweck und Rechtsgrundlage<\/strong><br>Zweck der Datenverarbeitung ist es, Teilnehmer am Gewinnspiel zu erfassen und den jeweiligen Gewinner zu kontaktieren. Rechtsgrundlage f\u00fcr die Erf\u00fcllung eines Vertrages gem. Art. 6 Abs.1 S.1 b) DSGVO.<br>Wir behalten uns vor, den Vornamen und den abgek\u00fcrzten Nachnamen, sowie den Wohnort eines Gewinners im Teletext und online zu ver\u00f6ffentlichen. Zweck ist es, dem Publikum die Seriosit\u00e4t unserer Gewinnspiele zu vermitteln. Unser berechtigtes Interesse liegt darin, diese Seriosit\u00e4t zu wahren.<br><br><strong>4. Verpflichtung zur Bereitstellung der Daten<\/strong><br>Die Bereitstellung Ihrer Daten ist verpflichtend f\u00fcr die Teilnahme an unseren Gewinnspielen. Ohne diese Daten sind wir nicht in der Lage, den Vertrag mit Ihnen zu schlie\u00dfen und auszuf\u00fchren.<br><br><strong>5. Weitergabe von Daten an Dritte<\/strong><br>Ihre Daten werden von uns nur dann an Dritte gegeben, soweit dies zur Vertragserf\u00fcllung erforderlich ist, wir oder der Dritte ein berechtigtes Interesse an der Weitergabe haben oder Ihre Einwilligung hierf\u00fcr vorliegt.<br>Dar\u00fcber hinaus k\u00f6nnen Daten an Dritte \u00fcbermittelt werden, soweit wir aufgrund gesetzlicher Bestimmungen oder durch vollstreckbare beh\u00f6rdliche oder gerichtliche Anordnung hierzu verpflichtet sein sollten.<br><br><strong>6. Dienstleister<\/strong><br>Wir setzen f\u00fcr die Verarbeitung von Daten teilweise Dienstleister ein. Der Zugriff von Dienstleistern auf Ihre Daten ist auf das erforderliche Ma\u00df begrenzt. Dienstleister werden in der Regel als sogenannte Auftragsverarbeiter eingebunden, die Daten nur nach unseren Weisungen verarbeiten d\u00fcrfen.<br>Zur Abwicklung des Versands von Sachpreisen werden Daten auch an den jeweiligen Sponsor \u00fcbermittelt.<br><br><strong>7. Dauer der Speicherung<\/strong><br>Wir speichern Ihre Daten so lange, wie dies zur Abwicklung der Gewinnspiele erforderlich ist bzw. wir ein berechtigtes Interesse an der weiteren Speicherung haben. Daten von Teilnehmern, die nicht gewonnen haben, werden nach sechs Monaten gel\u00f6scht. Daten von Gewinnern werden f\u00fcr zehn Jahre gespeichert, da gesetzliche Aufbewahrungspflichten bestehen.<br>Sponsoren l\u00f6schen Ihre Daten in der Regel vier Wochen nach Abwicklung des Gewinnspielpreises, sofern keine dar\u00fcberhinausgehenden gesetzlichen Aufbewahrungsfristen bestehen.<\/p>\n","protected":false},"excerpt":{"rendered":"<p>I. Verantwortlicher OVM Office Voice Media GmbH KundenbetreuungGrunerstr. 7240239 D\u00fcsseldorf Datenschutz@joymo.deist f\u00fcr die Verarbeitung Ihrer nachfolgend genannten personenbezogenen Daten verantwortlich (nachfolgend auch \u201ewir\u201c oder \u201euns\u201c). Unseren Datenschutzbeauftragten erreichen Sie unter datenschutzbeauftrager@joymo.de oder unserer Postadresse mit dem Zusatz \u201eDatenschutzbeauftragter\u201c. II. Verarbeitung personenbezogener Daten (Allgemeines) 1. AllgemeinWenn Sie an Gewinnspielen teilnehmen, erhalten wir personenbezogenen Daten von Ihnen. [&hellip;]<\/p>\n","protected":false},"author":1,"featured_media":0,"parent":0,"menu_order":3,"comment_status":"closed","ping_status":"closed","template":"","meta":{"footnotes":""},"_links":{"self":[{"href":"https:\/\/joymo.de\/index.php?rest_route=\/wp\/v2\/pages\/61"}],"collection":[{"href":"https:\/\/joymo.de\/index.php?rest_route=\/wp\/v2\/pages"}],"about":[{"href":"https:\/\/joymo.de\/index.php?rest_route=\/wp\/v2\/types\/page"}],"author":[{"embeddable":true,"href":"https:\/\/joymo.de\/index.php?rest_route=\/wp\/v2\/users\/1"}],"replies":[{"embeddable":true,"href":"https:\/\/joymo.de\/index.php?rest_route=%2Fwp%2Fv2%2Fcomments&post=61"}],"version-history":[{"count":7,"href":"https:\/\/joymo.de\/index.php?rest_route=\/wp\/v2\/pages\/61\/revisions"}],"predecessor-version":[{"id":112,"href":"https:\/\/joymo.de\/index.php?rest_route=\/wp\/v2\/pages\/61\/revisions\/112"}],"wp:attachment":[{"href":"https:\/\/joymo.de\/index.php?rest_route=%2Fwp%2Fv2%2Fmedia&parent=61"}],"curies":[{"name":"wp","href":"https:\/\/api.w.org\/{rel}","templated":true}]}}