{"id":8,"date":"2022-09-04T09:22:51","date_gmt":"2022-09-04T09:22:51","guid":{"rendered":"http:\/\/joymo.de\/?page_id=8"},"modified":"2023-04-19T10:40:48","modified_gmt":"2023-04-19T10:40:48","slug":"teilnahmebedingungen","status":"publish","type":"page","link":"https:\/\/joymo.de\/?page_id=8","title":{"rendered":"Teilnahmebedingungen"},"content":{"rendered":"\n<h4 class=\"wp-block-heading\">Stand: September 2022<\/h4>\n\n\n\n<h3 class=\"wp-block-heading\"><strong>I. Allgemeine Regelungen<\/strong><\/h3>\n\n\n\n<p><strong>1. Von der Teilnahme ausgeschlossene Personen \/ Teilnahme au\u00dferhalb von Deutschland<\/strong><\/p>\n\n\n\n<p>Ausgeschlossen von der Teilnahme sind Mitarbeiter OVM Office Voice Media GmbH sowie Mitarbeiter von beteiligten Unternehmen und deren Angeh\u00f6rige. Weiterhin sind nur nat\u00fcrliche Personen zur Teilnahme berechtigt.<\/p>\n\n\n\n<p>Sofern nicht ausdr\u00fccklich abweichend darauf hingewiesen wird, ist eine Teilnahme an Gewinnspielen nur aus Deutschland m\u00f6glich. Die Rufnummern sind nicht aus dem Ausland erreichbar.<\/p>\n\n\n\n<p><strong>2. Haftung f\u00fcr M\u00e4ngel an Gewinnen<\/strong><\/p>\n\n\n\n<p>Die OVM Office Voice Media GmbH \u00fcbernimmt keine Haftung f\u00fcr M\u00e4ngel von Sachgewinnen. Es besteht kein Anspruch auf ersatzweise Barauszahlung der Sachgewinne oder eine nachtr\u00e4gliche \u00c4nderung der Gewinne. Der Gewinnanspruch ist nicht \u00fcbertragbar.<\/p>\n\n\n\n<p><strong>3. Kosten im Zusammenhang mit Gewinnen<\/strong><\/p>\n\n\n\n<p>S\u00e4mtliche mit dem Gewinn einhergehenden Betriebs-, Neben- und Folgekosten tr\u00e4gt der Gewinner.<\/p>\n\n\n\n<p><strong>4. Ersatzgewinne<\/strong><\/p>\n\n\n\n<p>Die OVM Office Voice Media GmbH ist berechtigt, jederzeit gleichwertige Ersatzlieferungen der Gewinne anzubieten.<\/p>\n\n\n\n<p><strong>5. Fristen<\/strong><\/p>\n\n\n\n<p>Verstreicht eine durch OVM Office Voice Media GmbH bekanntgegebene angemessene Frist zur Annahme des Gewinns fruchtlos, so entf\u00e4llt der Gewinnanspruch.<\/p>\n\n\n\n<p><strong>6. Erforderliche Angaben<\/strong><\/p>\n\n\n\n<p>Bei Gewinnspielen wird f\u00fcr die Gewinnabwicklung der Name und eine R\u00fcckrufnummer des Teilnehmers ben\u00f6tigt<\/p>\n\n\n\n<p><strong>7. Minderj\u00e4hrige und Mindestteilnahmealter<\/strong><\/p>\n\n\n\n<p>Minderj\u00e4hrigen unter 18 Jahren ist die Teilnahme nicht gestattet, Gewinne werden nicht ausbezahlt bzw. \u00fcbergeben. Das Alter wird vor \u00dcbergabe der Gewinne \u00fcberpr\u00fcft.<\/p>\n\n\n\n<p><strong>8. Geldgewinne<\/strong><\/p>\n\n\n\n<p>Geldgewinne werden in der Regel nach zwei bis vier Wochen auf das Konto des Empf\u00e4ngers \u00fcberwiesen.<\/p>\n\n\n\n<p>Sofern Zahlungen aufgrund von falschen\/unvollst\u00e4ndigen Angaben des Gewinners auf falsche Konten erfolgen und diese nicht zur\u00fcckgebucht werden k\u00f6nnen, besteht kein Anspruch des Gewinners auf erneute Auszahlung.<\/p>\n\n\n\n<p><strong>9. Ver\u00f6ffentlichung von Gewinnern<\/strong><\/p>\n\n\n\n<p>Im Gewinnfalle ist die OVM Office Voice Media GmbH berechtigt, den Gewinnernamen und Wohnort des Gewinners zu ver\u00f6ffentlichen. Dies kann sowohl im Teletext als auch Online erfolgen. Ein Anspruch hierauf besteht nicht. Aus datenschutzrechtlichen Gr\u00fcnden k\u00f6nnen der Name und\/oder Wohnort des Gewinners verk\u00fcrzt werden.<\/p>\n\n\n\n<p><strong>10. Vertragsbeziehungen bei Teilnahme \u00fcber Telefon<\/strong><\/p>\n\n\n\n<p>Vertragspartner des Kunden und Veranstalter f\u00fcr die Gewinnspiele und Votings ist die OVM Office Voice Media GmbH.<\/p>\n\n\n\n<p>Bei einer Teilnahme \u00fcber Telefon fallen f\u00fcr diese Verbindungen bei Ihrem Telekommunikationsanbieter die hierf\u00fcr jeweils ausgewiesenen Kosten an.<\/p>\n\n\n\n<p><strong>11. Kontakt<\/strong><\/p>\n\n\n\n<p>Fragen oder Beschwerden richten Sie bitte schriftlich an:<\/p>\n\n\n\n<p>OVM Office Voice Media GmbH<br><br>Kundenbetreuung<br>Grunerstr. 72<br>40239 D\u00fcsseldorf<\/p>\n\n\n\n<h3 class=\"wp-block-heading\"><strong>II. Gewinnverfahren und Verifizierung \/ technische Hilfsmittel<\/strong><\/h3>\n\n\n\n<p><strong>1. Verifizierung der Gewinnerangaben<\/strong><\/p>\n\n\n\n<p>Die OVM Office Voice Media GmbH wird Gewinnerangaben durch R\u00fcckruf der telefonisch \u00fcbermittelten Telefonnummer verifizieren. Ist bei Gewinnspielen ein Gewinner telefonisch innerhalb von 14 Tagen nicht erreichbar oder k\u00f6nnen die Angaben nicht best\u00e4tigt werden, verf\u00e4llt der Gewinnanspruch. Dies gilt auch, wenn die Verbindung aus technischen Gr\u00fcnden auf Seiten der Teilnehmer nicht hergestellt wird, abbricht, der Teilnehmer nicht verstanden werden kann. Ferner verf\u00e4llt der Gewinnanspruch auch dann, wenn eine Unterbrechung auf technische Probleme bei der Telefongesellschaft des Teilnehmers zur\u00fcckzuf\u00fchren ist. Je nach Gewinnspiel wird ggf. ein Ersatzgewinner gezogen. Die OVM Office Voice Media GmbH wird in diesem Fall einen neuen Gewinner ermitteln. Die vorstehenden Regelungen gelten entsprechend.<\/p>\n\n\n\n<h3 class=\"wp-block-heading\"><strong>III. Teilnahmewege<\/strong><\/h3>\n\n\n\n<p>Die OVM Office Voice Media GmbH bietet verschiedene Teilnahmewege f\u00fcr die von ihr veranstalteten\/angebotenen Gewinnspiele und Votings an. Die verf\u00fcgbaren Teilnahmewege werden stets entsprechend angegeben. \u00dcber die Verf\u00fcgbarkeit entscheidet OVM Office Voice Media GmbH im eigenen Ermessen.<\/p>\n\n\n\n<p><strong>1. Voting-\/Gewinnspielteilnahme \u00fcber Telefon<\/strong><\/p>\n\n\n\n<p>Sie k\u00f6nnen f\u00fcr die Teilnahme das deutsche Festnetz nutzen. Jeder Anruf aus dem deutschen Festnetz kostet 0,50 Euro, sofern eine Verbindung hergestellt wurde. Dies gilt auch f\u00fcr Ansagen wie: \u201ediesmal hat es leider nicht geklappt\u2026&#8220;.<\/p>\n\n\n\n<p>Anrufe, die aus einem Mobilfunknetz gef\u00fchrt werden, unterliegen den allgemeinen Gesch\u00e4ftsbedingungen (AGB) und den Tarifmodellen des jeweiligen Mobilvertragspartners. Hierbei sind die Kosten seit dem 01.04.2022 auf 0,50 Euro\/Anruf durch den Regulierer begrenzt worden.<\/p>\n\n\n\n<p>a) Voting\/Gewinnspiel via 01378er-Wahl (0,50 \u20ac\/ Anruf):<\/p>\n\n\n\n<p>Jeder Anrufer nimmt automatisch wie folgt teil: Per Zufall f\u00fchrt ein Telefoncomputer unter allen Anrufern eine Vorauswahl durch. Anrufer, die das Gl\u00fcck haben, diese erste H\u00fcrde zu nehmen, k\u00f6nnen ihren Namen und eine R\u00fcckrufnummer aufsprechen. Sie sind dem m\u00f6glichen Gewinn somit ein St\u00fcck n\u00e4hergekommen. Nun wird erneut per Zufall aus allen Aufzeichnungen der Gewinner ermittelt. Entscheidend ist, dass jeder Anrufer die gleiche Gewinnchance hat bzw. das Voting-Ergebnis beeinflusst.<\/p>\n\n\n\n<h3 class=\"wp-block-heading\"><strong>IV. Besonderheiten<\/strong><\/h3>\n\n\n\n<p><strong>1 Hinweis:<\/strong><\/p>\n\n\n\n<p>Aus aktuellem Anlass weisen wir Sie darauf hin, dass Gewinner stets schriftlich, per E-Mail oder telefonisch von OVM Office Voice Media GmbH benachrichtigt werden. Gewinner werden insbesondere nicht zu einer weiteren Best\u00e4tigung durch R\u00fcckruf einer 0900er- oder 0137er-Rufnummer aufgefordert. Bitte ignorieren Sie derartige Aufforderungen, da diese nicht von OVM Office Voice Media GmbH stammen und f\u00fcr Sie mit erheblichen Kosten verbunden sein k\u00f6nnen.<\/p>\n\n\n\n<p><strong>2. Ausschluss Minderj\u00e4hriger:<\/strong><\/p>\n\n\n\n<p>Wir weisen darauf hin, dass Minderj\u00e4hrigen unter 18 Jahren die Teilnahme an Gewinnspielen und Votings, die mit der Teilnahme an einem Gewinnspiel verbunden sind, nicht gestattet ist.<\/p>\n\n\n\n<p><strong>3. \u00dcberpr\u00fcfung des Alters:<\/strong><\/p>\n\n\n\n<p>Weiterhin weisen wir darauf hin, dass wir vor jeder \u00dcbergabe eines Gewinns das Alter des Teilnehmers \u00fcberpr\u00fcfen, um sicherzustellen, dass eine \u00dcbergabe nur an zur Teilnahme berechtigte Personen erfolgen kann.<\/p>\n\n\n\n<p><strong>4. Vermittlung von Zusatzangeboten<\/strong><\/p>\n\n\n\n<p>Die OVM Office Voice Media GmbH beh\u00e4lt sich im alleinigen Ermessen vor, Teilnehmer bei ausgew\u00e4hlten Gewinnspielen \u00fcber den gew\u00e4hlten Teilnahmeweg in Erg\u00e4nzung zur Gewinnspielteilnahme auf Zusatzangebote von Werbepartnern hinzuweisen. Eine Weitergabe von Daten an Werbepartner, z. B. zur direkten Kontaktaufnahme erfolgt nur, wenn der Teilnehmer hierin ausdr\u00fccklich, etwa durch Bet\u00e4tigen einer bestimmten Taste, eingewilligt hat. Eine solche Einwilligung ist freiwillig und hat keinen Einfluss auf die Gewinnchancen. Die Einwilligung kann jederzeit mit Wirkung f\u00fcr die Zukunft unter <a href=\"mailto:datenschutz@joymo.de\">datenschutz@joymo.de<\/a> widerrufen werden.<\/p>\n\n\n\n<h3 class=\"wp-block-heading\"><strong>V. Kontaktaufnahme\/Benachrichtigung bei Gewinn<\/strong><\/h3>\n\n\n\n<p><strong>1. Gewinnspiele mit sp\u00e4terer Aufl\u00f6sung<\/strong><\/p>\n\n\n\n<p>Im Falle eines Gewinnspiels, das keine Live-Schaltung vorsieht, werden wir insgesamt dreimal \u00fcber einen Zeitraum von zwei Wochen versuchen, den ermittelten Gewinner zu erreichen. Gelingt dies nicht, so verf\u00e4llt der Gewinn ersatzlos. Es liegt allein in Ihrer Verantwortung, entsprechend erreichbar zu sein. Wir behalten uns vor, in diesen F\u00e4llen Ersatzgewinner zu ziehen, sind hierzu aber nicht verpflichtet.<\/p>\n\n\n\n<p><strong>2. Sonderf\u00e4lle \/ Weitergehende Regelungen<\/strong><\/p>\n\n\n\n<p>Bei bestimmten Gewinnspielen k\u00f6nnen sich weitergehende Regelungen zur Kontaktaufnahme ergeben. Diese werden jeweils im Zusammenhang mit dem Gewinnspiel vorab mitgeteilt.<\/p>\n\n\n\n<h3 class=\"wp-block-heading\"><strong>VI. Hinweise<\/strong><\/h3>\n\n\n\n<p><strong>1.) Hinweise zum Telefonierverhalten:<\/strong><\/p>\n\n\n\n<p>Bitte achten Sie bei der Teilnahme an den von uns veranstalteten Gewinnspielen und Votings auf Ihr Telefonie-Verhalten.<\/p>\n\n\n\n<p><strong>2.) Hinweise zu Sperrm\u00f6glichkeiten:<\/strong><\/p>\n\n\n\n<p>Sollten Sie eine Eingrenzung Ihres Budgets f\u00fcr Gewinnspiele \u00fcber 01378 Nummern w\u00fcnschen, setzen Sie sich bitte mit Ihrem Telekommunikationsanbieter in Verbindung. Dort erhalten Sie auch weitere Informationen zu einer vollst\u00e4ndigen Sperrung dieser Dienste, gerade wenn Sie die Nutzung durch Minderj\u00e4hrige unterbinden wollen.<\/p>\n\n\n\n<p><strong>3.) Hinweise zum Auswahlverfahren\/Vorz\u00e4hlfaktor:<\/strong><\/p>\n\n\n\n<p>Wir weisen darauf hin, dass jede Teilnahme \u00fcber einen der angebotenen Teilnahmewege (i.d.R. Telefon) die gleiche Chance hat zu gewinnen.<\/p>\n\n\n\n<p>Um das Teilnahmevolumen zu bew\u00e4ltigen, wird ein technisches Verfahren angewendet, bei dem ein Zufallsgenerator eine Vorauswahl aus allen Teilnahmen aller Teilnahmewege vornimmt.<\/p>\n\n\n\n<p>Telefonteilnehmer, die vom Zufallsgenerator ausgew\u00e4hlt wurden, k\u00f6nnen dann die L\u00f6sung\/ das L\u00f6sungswort sowie die erforderlichen Kontaktdaten aufsprechen.<\/p>\n\n\n\n<p>Aus diesen kleinen Gruppen wird ein Teilnehmer wiederum per Zufall ausgew\u00e4hlt. Dieser Teilnehmer wird als Gewinner bekanntgegeben.<\/p>\n\n\n\n<p>Teilnehmer, die nicht vom Zufallsgenerator f\u00fcr die zweite Auswahlrunde ausgew\u00e4hlt wurden, werden ggf. direkt dar\u00fcber informiert, dass sie nicht gewonnen haben. Ob tats\u00e4chlich eine Information erfolgt, h\u00e4ngt vom konkreten Teilnahmeweg ab.<\/p>\n","protected":false},"excerpt":{"rendered":"<p>Stand: September 2022 I. Allgemeine Regelungen 1. Von der Teilnahme ausgeschlossene Personen \/ Teilnahme au\u00dferhalb von Deutschland Ausgeschlossen von der Teilnahme sind Mitarbeiter OVM Office Voice Media GmbH sowie Mitarbeiter von beteiligten Unternehmen und deren Angeh\u00f6rige. Weiterhin sind nur nat\u00fcrliche Personen zur Teilnahme berechtigt. Sofern nicht ausdr\u00fccklich abweichend darauf hingewiesen wird, ist eine Teilnahme an [&hellip;]<\/p>\n","protected":false},"author":1,"featured_media":0,"parent":0,"menu_order":2,"comment_status":"closed","ping_status":"closed","template":"","meta":{"footnotes":""},"_links":{"self":[{"href":"https:\/\/joymo.de\/index.php?rest_route=\/wp\/v2\/pages\/8"}],"collection":[{"href":"https:\/\/joymo.de\/index.php?rest_route=\/wp\/v2\/pages"}],"about":[{"href":"https:\/\/joymo.de\/index.php?rest_route=\/wp\/v2\/types\/page"}],"author":[{"embeddable":true,"href":"https:\/\/joymo.de\/index.php?rest_route=\/wp\/v2\/users\/1"}],"replies":[{"embeddable":true,"href":"https:\/\/joymo.de\/index.php?rest_route=%2Fwp%2Fv2%2Fcomments&post=8"}],"version-history":[{"count":9,"href":"https:\/\/joymo.de\/index.php?rest_route=\/wp\/v2\/pages\/8\/revisions"}],"predecessor-version":[{"id":111,"href":"https:\/\/joymo.de\/index.php?rest_route=\/wp\/v2\/pages\/8\/revisions\/111"}],"wp:attachment":[{"href":"https:\/\/joymo.de\/index.php?rest_route=%2Fwp%2Fv2%2Fmedia&parent=8"}],"curies":[{"name":"wp","href":"https:\/\/api.w.org\/{rel}","templated":true}]}}